{"id":12563,"date":"2022-08-24T13:58:50","date_gmt":"2022-08-24T13:58:50","guid":{"rendered":"https:\/\/www.k-w4w.org\/site_new\/?page_id=12563"},"modified":"2022-10-11T11:29:16","modified_gmt":"2022-10-11T11:29:16","slug":"misioni-dhe-vizioni-2","status":"publish","type":"page","link":"https:\/\/www.k-w4w.org\/en\/misioni-dhe-vizioni-2\/","title":{"rendered":"Mission and Vision"},"content":{"rendered":"<div data-elementor-type=\"wp-page\" data-elementor-id=\"12563\" class=\"elementor elementor-12563\">\n\t\t\t\t\t\t<section class=\"elementor-section elementor-top-section elementor-element elementor-element-fdc7a3b elementor-section-boxed elementor-section-height-default elementor-section-height-default\" data-id=\"fdc7a3b\" data-element_type=\"section\" data-settings=\"{&quot;background_background&quot;:&quot;classic&quot;}\">\n\t\t\t\t\t\t<div class=\"elementor-container elementor-column-gap-default\">\n\t\t\t\t\t<div class=\"elementor-column elementor-col-100 elementor-top-column elementor-element elementor-element-0a57cb6\" data-id=\"0a57cb6\" data-element_type=\"column\">\n\t\t\t<div class=\"elementor-widget-wrap elementor-element-populated\">\n\t\t\t\t\t\t<div class=\"elementor-element elementor-element-09d5dff elementor-widget elementor-widget-heading\" data-id=\"09d5dff\" data-element_type=\"widget\" data-widget_type=\"heading.default\">\n\t\t\t\t<div class=\"elementor-widget-container\">\n\t\t\t\t\t<h2 class=\"elementor-heading-title elementor-size-default\">Mission and Vision<\/h2>\t\t\t\t<\/div>\n\t\t\t\t<\/div>\n\t\t\t\t\t<\/div>\n\t\t<\/div>\n\t\t\t\t\t<\/div>\n\t\t<\/section>\n\t\t\t\t<section class=\"elementor-section elementor-top-section elementor-element elementor-element-04cf9d4 elementor-section-boxed elementor-section-height-default elementor-section-height-default\" data-id=\"04cf9d4\" data-element_type=\"section\">\n\t\t\t\t\t\t<div class=\"elementor-container elementor-column-gap-default\">\n\t\t\t\t\t<div class=\"elementor-column elementor-col-100 elementor-top-column elementor-element elementor-element-1ad3bf6\" data-id=\"1ad3bf6\" data-element_type=\"column\">\n\t\t\t<div class=\"elementor-widget-wrap elementor-element-populated\">\n\t\t\t\t\t\t<div class=\"elementor-element elementor-element-b0e4775 elementor-widget elementor-widget-heading\" data-id=\"b0e4775\" data-element_type=\"widget\" data-widget_type=\"heading.default\">\n\t\t\t\t<div class=\"elementor-widget-container\">\n\t\t\t\t\t<h2 class=\"elementor-heading-title elementor-size-default\">Mission<\/h2>\t\t\t\t<\/div>\n\t\t\t\t<\/div>\n\t\t\t\t<div class=\"elementor-element elementor-element-294f5f0 elementor-widget elementor-widget-text-editor\" data-id=\"294f5f0\" data-element_type=\"widget\" data-widget_type=\"text-editor.default\">\n\t\t\t\t<div class=\"elementor-widget-container\">\n\t\t\t\t\t\t\t\t\t<p>Our mission is to support the most marginalized women in Kosovo to earn and save money, improve health and well-being, influence decisions within the family and community, and connect to networks for support. By utilizing skills, knowledge, and resources, women will be able to create sustainable change for, themselves, their families, and community.<\/p>\t\t\t\t\t\t\t\t<\/div>\n\t\t\t\t<\/div>\n\t\t\t\t<div class=\"elementor-element elementor-element-8f83f62 elementor-widget elementor-widget-heading\" data-id=\"8f83f62\" data-element_type=\"widget\" data-widget_type=\"heading.default\">\n\t\t\t\t<div class=\"elementor-widget-container\">\n\t\t\t\t\t<h2 class=\"elementor-heading-title elementor-size-default\">Vision:<\/h2>\t\t\t\t<\/div>\n\t\t\t\t<\/div>\n\t\t\t\t<div class=\"elementor-element elementor-element-41ee8fc elementor-widget elementor-widget-text-editor\" data-id=\"41ee8fc\" data-element_type=\"widget\" data-widget_type=\"text-editor.default\">\n\t\t\t\t<div class=\"elementor-widget-container\">\n\t\t\t\t\t\t\t\t\t<p>KW4W foresees a world where no woman is abused, poor, illiterate or marginalized and where members of communities have full and equal participation in the society and where everyone is free to define and shape their future and manifest their full potential<\/p>\t\t\t\t\t\t\t\t<\/div>\n\t\t\t\t<\/div>\n\t\t\t\t<div class=\"elementor-element elementor-element-483c190 elementor-widget elementor-widget-heading\" data-id=\"483c190\" data-element_type=\"widget\" data-widget_type=\"heading.default\">\n\t\t\t\t<div class=\"elementor-widget-container\">\n\t\t\t\t\t<h2 class=\"elementor-heading-title elementor-size-default\">Core Values<\/h2>\t\t\t\t<\/div>\n\t\t\t\t<\/div>\n\t\t\t\t<div class=\"elementor-element elementor-element-854a6d1 elementor-widget elementor-widget-text-editor\" data-id=\"854a6d1\" data-element_type=\"widget\" data-widget_type=\"text-editor.default\">\n\t\t\t\t<div class=\"elementor-widget-container\">\n\t\t\t\t\t\t\t\t\t<ul><li>Sustainable development<\/li><li>Equality and fair income distribution<\/li><li>Individual and group rights<\/li><li>Democracy and active citizenry<\/li><li>Cooperation and partnership<\/li><li>Role of law<\/li><li>Integrity and personal dignity<\/li><li>Responsibility<\/li><\/ul>\t\t\t\t\t\t\t\t<\/div>\n\t\t\t\t<\/div>\n\t\t\t\t\t<\/div>\n\t\t<\/div>\n\t\t\t\t\t<\/div>\n\t\t<\/section>\n\t\t\t\t<\/div>","protected":false},"excerpt":{"rendered":"<p>MISIONI DHE VIZIONI Misioni: Misioni yn\u00eb \u00ebsht\u00eb mb\u00ebshtetja e grave t\u00eb margjinalizuara n\u00eb Kosov\u00eb p\u00ebr t\u00eb fituar dhe p\u00ebr t\u00eb kursyer para, p\u00ebr t\u00eb p\u00ebrmir\u00ebsuar sh\u00ebndetin dhe mir\u00ebqenien, t\u00eb ndikojn\u00eb n\u00eb vendimmarrjen brenda familjes dhe komunitetit dhe t\u00eb krijojn\u00eb rrjete t\u00eb mb\u00ebshtetjes. Duke shfryt\u00ebzuar aft\u00ebsit\u00eb, njohurit\u00eb dhe t\u00eb ken\u00eb qasje n\u00eb burime, grat\u00eb do t\u00eb [&hellip;]<\/p>\n","protected":false},"author":1,"featured_media":0,"parent":0,"menu_order":0,"comment_status":"closed","ping_status":"closed","template":"elementor_header_footer","meta":{"footnotes":""},"class_list":["post-12563","page","type-page","status-publish","hentry"],"yoast_head":"<!-- This site is optimized with the Yoast SEO plugin v27.0 - https:\/\/yoast.com\/product\/yoast-seo-wordpress\/ -->\n<title>Misioni dhe Vizioni - KW4W<\/title>\n<meta name=\"robots\" content=\"index, follow, max-snippet:-1, max-image-preview:large, max-video-preview:-1\" \/>\n<link rel=\"canonical\" href=\"https:\/\/www.k-w4w.org\/en\/misioni-dhe-vizioni-2\/\" \/>\n<meta property=\"og:locale\" content=\"en_US\" \/>\n<meta property=\"og:type\" content=\"article\" \/>\n<meta property=\"og:title\" content=\"Misioni dhe Vizioni - KW4W\" \/>\n<meta property=\"og:description\" content=\"MISIONI DHE VIZIONI Misioni: Misioni yn\u00eb \u00ebsht\u00eb mb\u00ebshtetja e grave t\u00eb margjinalizuara n\u00eb Kosov\u00eb p\u00ebr t\u00eb fituar dhe p\u00ebr t\u00eb kursyer para, p\u00ebr t\u00eb p\u00ebrmir\u00ebsuar sh\u00ebndetin dhe mir\u00ebqenien, t\u00eb ndikojn\u00eb n\u00eb vendimmarrjen brenda familjes dhe komunitetit dhe t\u00eb krijojn\u00eb rrjete t\u00eb mb\u00ebshtetjes. Duke shfryt\u00ebzuar aft\u00ebsit\u00eb, njohurit\u00eb dhe t\u00eb ken\u00eb qasje n\u00eb burime, grat\u00eb do t\u00eb [&hellip;]\" \/>\n<meta property=\"og:url\" content=\"https:\/\/www.k-w4w.org\/en\/misioni-dhe-vizioni-2\/\" \/>\n<meta property=\"og:site_name\" content=\"KW4W\" \/>\n<meta property=\"article:publisher\" content=\"https:\/\/www.facebook.com\/KosovaWomen4Women\" \/>\n<meta property=\"article:modified_time\" content=\"2022-10-11T11:29:16+00:00\" \/>\n<meta name=\"twitter:card\" content=\"summary_large_image\" \/>\n<meta name=\"twitter:label1\" content=\"Est. reading time\" \/>\n\t<meta name=\"twitter:data1\" content=\"1 minute\" \/>\n<script type=\"application\/ld+json\" class=\"yoast-schema-graph\">{\"@context\":\"https:\/\/schema.org\",\"@graph\":[{\"@type\":\"WebPage\",\"@id\":\"https:\/\/www.k-w4w.org\/en\/misioni-dhe-vizioni-2\/\",\"url\":\"https:\/\/www.k-w4w.org\/en\/misioni-dhe-vizioni-2\/\",\"name\":\"Misioni dhe Vizioni - KW4W\",\"isPartOf\":{\"@id\":\"https:\/\/www.k-w4w.org\/en\/#website\"},\"datePublished\":\"2022-08-24T13:58:50+00:00\",\"dateModified\":\"2022-10-11T11:29:16+00:00\",\"breadcrumb\":{\"@id\":\"https:\/\/www.k-w4w.org\/en\/misioni-dhe-vizioni-2\/#breadcrumb\"},\"inLanguage\":\"en-US\",\"potentialAction\":[{\"@type\":\"ReadAction\",\"target\":[\"https:\/\/www.k-w4w.org\/en\/misioni-dhe-vizioni-2\/\"]}]},{\"@type\":\"BreadcrumbList\",\"@id\":\"https:\/\/www.k-w4w.org\/en\/misioni-dhe-vizioni-2\/#breadcrumb\",\"itemListElement\":[{\"@type\":\"ListItem\",\"position\":1,\"name\":\"Home\",\"item\":\"https:\/\/www.k-w4w.org\/\"},{\"@type\":\"ListItem\",\"position\":2,\"name\":\"Misioni dhe Vizioni\"}]},{\"@type\":\"WebSite\",\"@id\":\"https:\/\/www.k-w4w.org\/en\/#website\",\"url\":\"https:\/\/www.k-w4w.org\/en\/\",\"name\":\"KW4W\",\"description\":\"\",\"publisher\":{\"@id\":\"https:\/\/www.k-w4w.org\/en\/#organization\"},\"potentialAction\":[{\"@type\":\"SearchAction\",\"target\":{\"@type\":\"EntryPoint\",\"urlTemplate\":\"https:\/\/www.k-w4w.org\/en\/?s={search_term_string}\"},\"query-input\":{\"@type\":\"PropertyValueSpecification\",\"valueRequired\":true,\"valueName\":\"search_term_string\"}}],\"inLanguage\":\"en-US\"},{\"@type\":\"Organization\",\"@id\":\"https:\/\/www.k-w4w.org\/en\/#organization\",\"name\":\"KW4W\",\"url\":\"https:\/\/www.k-w4w.org\/en\/\",\"logo\":{\"@type\":\"ImageObject\",\"inLanguage\":\"en-US\",\"@id\":\"https:\/\/www.k-w4w.org\/en\/#\/schema\/logo\/image\/\",\"url\":\"https:\/\/www.k-w4w.org\/wp-content\/uploads\/2023\/02\/cropped-wfwi_logo_color_gradient_cmyk.jpg\",\"contentUrl\":\"https:\/\/www.k-w4w.org\/wp-content\/uploads\/2023\/02\/cropped-wfwi_logo_color_gradient_cmyk.jpg\",\"width\":1243,\"height\":199,\"caption\":\"KW4W\"},\"image\":{\"@id\":\"https:\/\/www.k-w4w.org\/en\/#\/schema\/logo\/image\/\"},\"sameAs\":[\"https:\/\/www.facebook.com\/KosovaWomen4Women\",\"https:\/\/www.instagram.com\/womenforwomenkosova\/\"]}]}<\/script>\n<!-- \/ Yoast SEO plugin. -->","yoast_head_json":{"title":"Misioni dhe Vizioni - KW4W","robots":{"index":"index","follow":"follow","max-snippet":"max-snippet:-1","max-image-preview":"max-image-preview:large","max-video-preview":"max-video-preview:-1"},"canonical":"https:\/\/www.k-w4w.org\/en\/misioni-dhe-vizioni-2\/","og_locale":"en_US","og_type":"article","og_title":"Misioni dhe Vizioni - KW4W","og_description":"MISIONI DHE VIZIONI Misioni: Misioni yn\u00eb \u00ebsht\u00eb mb\u00ebshtetja e grave t\u00eb margjinalizuara n\u00eb Kosov\u00eb p\u00ebr t\u00eb fituar dhe p\u00ebr t\u00eb kursyer para, p\u00ebr t\u00eb p\u00ebrmir\u00ebsuar sh\u00ebndetin dhe mir\u00ebqenien, t\u00eb ndikojn\u00eb n\u00eb vendimmarrjen brenda familjes dhe komunitetit dhe t\u00eb krijojn\u00eb rrjete t\u00eb mb\u00ebshtetjes. Duke shfryt\u00ebzuar aft\u00ebsit\u00eb, njohurit\u00eb dhe t\u00eb ken\u00eb qasje n\u00eb burime, grat\u00eb do t\u00eb [&hellip;]","og_url":"https:\/\/www.k-w4w.org\/en\/misioni-dhe-vizioni-2\/","og_site_name":"KW4W","article_publisher":"https:\/\/www.facebook.com\/KosovaWomen4Women","article_modified_time":"2022-10-11T11:29:16+00:00","twitter_card":"summary_large_image","twitter_misc":{"Est. reading time":"1 minute"},"schema":{"@context":"https:\/\/schema.org","@graph":[{"@type":"WebPage","@id":"https:\/\/www.k-w4w.org\/en\/misioni-dhe-vizioni-2\/","url":"https:\/\/www.k-w4w.org\/en\/misioni-dhe-vizioni-2\/","name":"Misioni dhe Vizioni - KW4W","isPartOf":{"@id":"https:\/\/www.k-w4w.org\/en\/#website"},"datePublished":"2022-08-24T13:58:50+00:00","dateModified":"2022-10-11T11:29:16+00:00","breadcrumb":{"@id":"https:\/\/www.k-w4w.org\/en\/misioni-dhe-vizioni-2\/#breadcrumb"},"inLanguage":"en-US","potentialAction":[{"@type":"ReadAction","target":["https:\/\/www.k-w4w.org\/en\/misioni-dhe-vizioni-2\/"]}]},{"@type":"BreadcrumbList","@id":"https:\/\/www.k-w4w.org\/en\/misioni-dhe-vizioni-2\/#breadcrumb","itemListElement":[{"@type":"ListItem","position":1,"name":"Home","item":"https:\/\/www.k-w4w.org\/"},{"@type":"ListItem","position":2,"name":"Misioni dhe Vizioni"}]},{"@type":"WebSite","@id":"https:\/\/www.k-w4w.org\/en\/#website","url":"https:\/\/www.k-w4w.org\/en\/","name":"KW4W","description":"","publisher":{"@id":"https:\/\/www.k-w4w.org\/en\/#organization"},"potentialAction":[{"@type":"SearchAction","target":{"@type":"EntryPoint","urlTemplate":"https:\/\/www.k-w4w.org\/en\/?s={search_term_string}"},"query-input":{"@type":"PropertyValueSpecification","valueRequired":true,"valueName":"search_term_string"}}],"inLanguage":"en-US"},{"@type":"Organization","@id":"https:\/\/www.k-w4w.org\/en\/#organization","name":"KW4W","url":"https:\/\/www.k-w4w.org\/en\/","logo":{"@type":"ImageObject","inLanguage":"en-US","@id":"https:\/\/www.k-w4w.org\/en\/#\/schema\/logo\/image\/","url":"https:\/\/www.k-w4w.org\/wp-content\/uploads\/2023\/02\/cropped-wfwi_logo_color_gradient_cmyk.jpg","contentUrl":"https:\/\/www.k-w4w.org\/wp-content\/uploads\/2023\/02\/cropped-wfwi_logo_color_gradient_cmyk.jpg","width":1243,"height":199,"caption":"KW4W"},"image":{"@id":"https:\/\/www.k-w4w.org\/en\/#\/schema\/logo\/image\/"},"sameAs":["https:\/\/www.facebook.com\/KosovaWomen4Women","https:\/\/www.instagram.com\/womenforwomenkosova\/"]}]}},"_links":{"self":[{"href":"https:\/\/www.k-w4w.org\/en\/wp-json\/wp\/v2\/pages\/12563","targetHints":{"allow":["GET"]}}],"collection":[{"href":"https:\/\/www.k-w4w.org\/en\/wp-json\/wp\/v2\/pages"}],"about":[{"href":"https:\/\/www.k-w4w.org\/en\/wp-json\/wp\/v2\/types\/page"}],"author":[{"embeddable":true,"href":"https:\/\/www.k-w4w.org\/en\/wp-json\/wp\/v2\/users\/1"}],"replies":[{"embeddable":true,"href":"https:\/\/www.k-w4w.org\/en\/wp-json\/wp\/v2\/comments?post=12563"}],"version-history":[{"count":14,"href":"https:\/\/www.k-w4w.org\/en\/wp-json\/wp\/v2\/pages\/12563\/revisions"}],"predecessor-version":[{"id":15229,"href":"https:\/\/www.k-w4w.org\/en\/wp-json\/wp\/v2\/pages\/12563\/revisions\/15229"}],"wp:attachment":[{"href":"https:\/\/www.k-w4w.org\/en\/wp-json\/wp\/v2\/media?parent=12563"}],"curies":[{"name":"wp","href":"https:\/\/api.w.org\/{rel}","templated":true}]}}