{"id":12584,"date":"2022-08-25T07:55:01","date_gmt":"2022-08-25T07:55:01","guid":{"rendered":"https:\/\/www.k-w4w.org\/site_new\/?page_id=12584"},"modified":"2022-10-03T07:27:04","modified_gmt":"2022-10-03T07:27:04","slug":"drejtore","status":"publish","type":"page","link":"https:\/\/www.k-w4w.org\/en\/drejtore\/","title":{"rendered":"Director"},"content":{"rendered":"<div data-elementor-type=\"wp-page\" data-elementor-id=\"12584\" class=\"elementor elementor-12584\">\n\t\t\t\t\t\t<section class=\"elementor-section elementor-top-section elementor-element elementor-element-81e8bff elementor-section-boxed elementor-section-height-default elementor-section-height-default\" data-id=\"81e8bff\" data-element_type=\"section\" data-settings=\"{&quot;background_background&quot;:&quot;classic&quot;}\">\n\t\t\t\t\t\t<div class=\"elementor-container elementor-column-gap-default\">\n\t\t\t\t\t<div class=\"elementor-column elementor-col-100 elementor-top-column elementor-element elementor-element-f27aa83\" data-id=\"f27aa83\" data-element_type=\"column\">\n\t\t\t<div class=\"elementor-widget-wrap elementor-element-populated\">\n\t\t\t\t\t\t<div class=\"elementor-element elementor-element-e5b2772 elementor-widget elementor-widget-heading\" data-id=\"e5b2772\" data-element_type=\"widget\" data-widget_type=\"heading.default\">\n\t\t\t\t<div class=\"elementor-widget-container\">\n\t\t\t\t\t<h2 class=\"elementor-heading-title elementor-size-default\">Director<\/h2>\t\t\t\t<\/div>\n\t\t\t\t<\/div>\n\t\t\t\t\t<\/div>\n\t\t<\/div>\n\t\t\t\t\t<\/div>\n\t\t<\/section>\n\t\t\t\t<section class=\"elementor-section elementor-top-section elementor-element elementor-element-173272b elementor-section-boxed elementor-section-height-default elementor-section-height-default\" data-id=\"173272b\" data-element_type=\"section\">\n\t\t\t\t\t\t<div class=\"elementor-container elementor-column-gap-default\">\n\t\t\t\t\t<div class=\"elementor-column elementor-col-100 elementor-top-column elementor-element elementor-element-66eb03b\" data-id=\"66eb03b\" data-element_type=\"column\">\n\t\t\t<div class=\"elementor-widget-wrap elementor-element-populated\">\n\t\t\t\t\t\t<div class=\"elementor-element elementor-element-4876e7f elementor-widget elementor-widget-image\" data-id=\"4876e7f\" data-element_type=\"widget\" data-widget_type=\"image.default\">\n\t\t\t\t<div class=\"elementor-widget-container\">\n\t\t\t\t\t\t\t\t\t\t\t\t\t\t\t<img fetchpriority=\"high\" decoding=\"async\" width=\"465\" height=\"531\" src=\"https:\/\/www.k-w4w.org\/wp-content\/uploads\/2022\/08\/Iliriana-Jaka-Gashi-profile.jpg\" class=\"attachment-large size-large wp-image-12587\" alt=\"\" \/>\t\t\t\t\t\t\t\t\t\t\t\t\t\t\t<\/div>\n\t\t\t\t<\/div>\n\t\t\t\t<div class=\"elementor-element elementor-element-cfc92cb elementor-widget elementor-widget-text-editor\" data-id=\"cfc92cb\" data-element_type=\"widget\" data-widget_type=\"text-editor.default\">\n\t\t\t\t<div class=\"elementor-widget-container\">\n\t\t\t\t\t\t\t\t\t<p><em><strong>Iliriana Jaka Gashi<\/strong><\/em> serves as the Executive Director at Kosova \u2013 Women 4 Women (K-W4W), where she manages programs that have served more than 35,000 women since 1999.<\/p><p>From 2011 Iliriana Gashi for almost six years has been the country director for Women for Women International in Kosovo, an organization that has been working since 1999 and whose social and economic programs have gone over 35,000 marginalized women.\u00a0<\/p><p>In 2017, Dr. Gashi led the transition of Women for Women International's Kosovo program to become an independent local NGO: Kosova \u2013 Women 4 Women (K-W4W). Dr. Gashi's position also changed, as she moved from being a Country Director and became the Executive Director of the NGO, where she leads and manages its operations and strategy.<\/p><p>Before joining Women for Women International, Dr. Gashi worked for the Canadian International Development Agency, World Vision, the French Embassy in Kosovo, the World Bank, and the American International Health Alliance (AIHA). She was also a member of the Policy and Planning Committee in Kosovo\u2019s Ministry of Health.<\/p><p>Dr. Gashi is a medical doctor with a Master\u2019s degree in Management of Health Care Administration from the University of Lausanne in Switzerland. She serves on the Board of the Network of Roma, Ashkali and Egyptian Women Organizations of Kosovo, serves as a board member of CiviKos Platform, and is a member of the Soroptimist International Club in Pristina.<\/p>\t\t\t\t\t\t\t\t<\/div>\n\t\t\t\t<\/div>\n\t\t\t\t\t<\/div>\n\t\t<\/div>\n\t\t\t\t\t<\/div>\n\t\t<\/section>\n\t\t\t\t<\/div>","protected":false},"excerpt":{"rendered":"<p>Drejtore Iliriana Jaka Gashi sh\u00ebrben si Drejtore Ekzekutive n\u00eb Kosova &#8211; Women 4 Women (K-W4W), ku menaxhon programe q\u00eb u kan\u00eb sh\u00ebrbyer m\u00eb shum\u00eb se 35,000 grave q\u00eb nga viti 1999. Nga viti 2011 Iliriana Gashi p\u00ebr gati gjasht\u00eb vjet ka qen\u00eb drejtore vendore p\u00ebr Women for Women International n\u00eb Kosov\u00eb, Nj\u00eb organizat\u00eb q\u00eb ka [&hellip;]<\/p>\n","protected":false},"author":1,"featured_media":0,"parent":0,"menu_order":0,"comment_status":"closed","ping_status":"closed","template":"elementor_header_footer","meta":{"footnotes":""},"class_list":["post-12584","page","type-page","status-publish","hentry"],"yoast_head":"<!-- This site is optimized with the Yoast SEO plugin v27.0 - https:\/\/yoast.com\/product\/yoast-seo-wordpress\/ -->\n<title>Drejtore - KW4W<\/title>\n<meta name=\"robots\" content=\"index, follow, max-snippet:-1, max-image-preview:large, max-video-preview:-1\" \/>\n<link rel=\"canonical\" href=\"https:\/\/www.k-w4w.org\/en\/drejtore\/\" \/>\n<meta property=\"og:locale\" content=\"en_US\" \/>\n<meta property=\"og:type\" content=\"article\" \/>\n<meta property=\"og:title\" content=\"Drejtore - KW4W\" \/>\n<meta property=\"og:description\" content=\"Drejtore Iliriana Jaka Gashi sh\u00ebrben si Drejtore Ekzekutive n\u00eb Kosova &#8211; Women 4 Women (K-W4W), ku menaxhon programe q\u00eb u kan\u00eb sh\u00ebrbyer m\u00eb shum\u00eb se 35,000 grave q\u00eb nga viti 1999. Nga viti 2011 Iliriana Gashi p\u00ebr gati gjasht\u00eb vjet ka qen\u00eb drejtore vendore p\u00ebr Women for Women International n\u00eb Kosov\u00eb, Nj\u00eb organizat\u00eb q\u00eb ka [&hellip;]\" \/>\n<meta property=\"og:url\" content=\"https:\/\/www.k-w4w.org\/en\/drejtore\/\" \/>\n<meta property=\"og:site_name\" content=\"KW4W\" \/>\n<meta property=\"article:publisher\" content=\"https:\/\/www.facebook.com\/KosovaWomen4Women\" \/>\n<meta property=\"article:modified_time\" content=\"2022-10-03T07:27:04+00:00\" \/>\n<meta property=\"og:image\" content=\"https:\/\/www.k-w4w.org\/wp-content\/uploads\/2022\/08\/Iliriana-Jaka-Gashi-profile.jpg\" \/>\n<meta name=\"twitter:card\" content=\"summary_large_image\" \/>\n<meta name=\"twitter:label1\" content=\"Est. reading time\" \/>\n\t<meta name=\"twitter:data1\" content=\"1 minute\" \/>\n<script type=\"application\/ld+json\" class=\"yoast-schema-graph\">{\"@context\":\"https:\/\/schema.org\",\"@graph\":[{\"@type\":\"WebPage\",\"@id\":\"https:\/\/www.k-w4w.org\/en\/drejtore\/\",\"url\":\"https:\/\/www.k-w4w.org\/en\/drejtore\/\",\"name\":\"Drejtore - KW4W\",\"isPartOf\":{\"@id\":\"https:\/\/www.k-w4w.org\/en\/#website\"},\"primaryImageOfPage\":{\"@id\":\"https:\/\/www.k-w4w.org\/en\/drejtore\/#primaryimage\"},\"image\":{\"@id\":\"https:\/\/www.k-w4w.org\/en\/drejtore\/#primaryimage\"},\"thumbnailUrl\":\"https:\/\/www.k-w4w.org\/wp-content\/uploads\/2022\/08\/Iliriana-Jaka-Gashi-profile.jpg\",\"datePublished\":\"2022-08-25T07:55:01+00:00\",\"dateModified\":\"2022-10-03T07:27:04+00:00\",\"breadcrumb\":{\"@id\":\"https:\/\/www.k-w4w.org\/en\/drejtore\/#breadcrumb\"},\"inLanguage\":\"en-US\",\"potentialAction\":[{\"@type\":\"ReadAction\",\"target\":[\"https:\/\/www.k-w4w.org\/en\/drejtore\/\"]}]},{\"@type\":\"ImageObject\",\"inLanguage\":\"en-US\",\"@id\":\"https:\/\/www.k-w4w.org\/en\/drejtore\/#primaryimage\",\"url\":\"https:\/\/www.k-w4w.org\/wp-content\/uploads\/2022\/08\/Iliriana-Jaka-Gashi-profile.jpg\",\"contentUrl\":\"https:\/\/www.k-w4w.org\/wp-content\/uploads\/2022\/08\/Iliriana-Jaka-Gashi-profile.jpg\"},{\"@type\":\"BreadcrumbList\",\"@id\":\"https:\/\/www.k-w4w.org\/en\/drejtore\/#breadcrumb\",\"itemListElement\":[{\"@type\":\"ListItem\",\"position\":1,\"name\":\"Home\",\"item\":\"https:\/\/www.k-w4w.org\/\"},{\"@type\":\"ListItem\",\"position\":2,\"name\":\"Drejtore\"}]},{\"@type\":\"WebSite\",\"@id\":\"https:\/\/www.k-w4w.org\/en\/#website\",\"url\":\"https:\/\/www.k-w4w.org\/en\/\",\"name\":\"KW4W\",\"description\":\"\",\"publisher\":{\"@id\":\"https:\/\/www.k-w4w.org\/en\/#organization\"},\"potentialAction\":[{\"@type\":\"SearchAction\",\"target\":{\"@type\":\"EntryPoint\",\"urlTemplate\":\"https:\/\/www.k-w4w.org\/en\/?s={search_term_string}\"},\"query-input\":{\"@type\":\"PropertyValueSpecification\",\"valueRequired\":true,\"valueName\":\"search_term_string\"}}],\"inLanguage\":\"en-US\"},{\"@type\":\"Organization\",\"@id\":\"https:\/\/www.k-w4w.org\/en\/#organization\",\"name\":\"KW4W\",\"url\":\"https:\/\/www.k-w4w.org\/en\/\",\"logo\":{\"@type\":\"ImageObject\",\"inLanguage\":\"en-US\",\"@id\":\"https:\/\/www.k-w4w.org\/en\/#\/schema\/logo\/image\/\",\"url\":\"https:\/\/www.k-w4w.org\/wp-content\/uploads\/2023\/02\/cropped-wfwi_logo_color_gradient_cmyk.jpg\",\"contentUrl\":\"https:\/\/www.k-w4w.org\/wp-content\/uploads\/2023\/02\/cropped-wfwi_logo_color_gradient_cmyk.jpg\",\"width\":1243,\"height\":199,\"caption\":\"KW4W\"},\"image\":{\"@id\":\"https:\/\/www.k-w4w.org\/en\/#\/schema\/logo\/image\/\"},\"sameAs\":[\"https:\/\/www.facebook.com\/KosovaWomen4Women\",\"https:\/\/www.instagram.com\/womenforwomenkosova\/\"]}]}<\/script>\n<!-- \/ Yoast SEO plugin. -->","yoast_head_json":{"title":"Drejtore - KW4W","robots":{"index":"index","follow":"follow","max-snippet":"max-snippet:-1","max-image-preview":"max-image-preview:large","max-video-preview":"max-video-preview:-1"},"canonical":"https:\/\/www.k-w4w.org\/en\/drejtore\/","og_locale":"en_US","og_type":"article","og_title":"Drejtore - KW4W","og_description":"Drejtore Iliriana Jaka Gashi sh\u00ebrben si Drejtore Ekzekutive n\u00eb Kosova &#8211; Women 4 Women (K-W4W), ku menaxhon programe q\u00eb u kan\u00eb sh\u00ebrbyer m\u00eb shum\u00eb se 35,000 grave q\u00eb nga viti 1999. Nga viti 2011 Iliriana Gashi p\u00ebr gati gjasht\u00eb vjet ka qen\u00eb drejtore vendore p\u00ebr Women for Women International n\u00eb Kosov\u00eb, Nj\u00eb organizat\u00eb q\u00eb ka [&hellip;]","og_url":"https:\/\/www.k-w4w.org\/en\/drejtore\/","og_site_name":"KW4W","article_publisher":"https:\/\/www.facebook.com\/KosovaWomen4Women","article_modified_time":"2022-10-03T07:27:04+00:00","og_image":[{"url":"https:\/\/www.k-w4w.org\/wp-content\/uploads\/2022\/08\/Iliriana-Jaka-Gashi-profile.jpg","type":"","width":"","height":""}],"twitter_card":"summary_large_image","twitter_misc":{"Est. reading time":"1 minute"},"schema":{"@context":"https:\/\/schema.org","@graph":[{"@type":"WebPage","@id":"https:\/\/www.k-w4w.org\/en\/drejtore\/","url":"https:\/\/www.k-w4w.org\/en\/drejtore\/","name":"Drejtore - KW4W","isPartOf":{"@id":"https:\/\/www.k-w4w.org\/en\/#website"},"primaryImageOfPage":{"@id":"https:\/\/www.k-w4w.org\/en\/drejtore\/#primaryimage"},"image":{"@id":"https:\/\/www.k-w4w.org\/en\/drejtore\/#primaryimage"},"thumbnailUrl":"https:\/\/www.k-w4w.org\/wp-content\/uploads\/2022\/08\/Iliriana-Jaka-Gashi-profile.jpg","datePublished":"2022-08-25T07:55:01+00:00","dateModified":"2022-10-03T07:27:04+00:00","breadcrumb":{"@id":"https:\/\/www.k-w4w.org\/en\/drejtore\/#breadcrumb"},"inLanguage":"en-US","potentialAction":[{"@type":"ReadAction","target":["https:\/\/www.k-w4w.org\/en\/drejtore\/"]}]},{"@type":"ImageObject","inLanguage":"en-US","@id":"https:\/\/www.k-w4w.org\/en\/drejtore\/#primaryimage","url":"https:\/\/www.k-w4w.org\/wp-content\/uploads\/2022\/08\/Iliriana-Jaka-Gashi-profile.jpg","contentUrl":"https:\/\/www.k-w4w.org\/wp-content\/uploads\/2022\/08\/Iliriana-Jaka-Gashi-profile.jpg"},{"@type":"BreadcrumbList","@id":"https:\/\/www.k-w4w.org\/en\/drejtore\/#breadcrumb","itemListElement":[{"@type":"ListItem","position":1,"name":"Home","item":"https:\/\/www.k-w4w.org\/"},{"@type":"ListItem","position":2,"name":"Drejtore"}]},{"@type":"WebSite","@id":"https:\/\/www.k-w4w.org\/en\/#website","url":"https:\/\/www.k-w4w.org\/en\/","name":"KW4W","description":"","publisher":{"@id":"https:\/\/www.k-w4w.org\/en\/#organization"},"potentialAction":[{"@type":"SearchAction","target":{"@type":"EntryPoint","urlTemplate":"https:\/\/www.k-w4w.org\/en\/?s={search_term_string}"},"query-input":{"@type":"PropertyValueSpecification","valueRequired":true,"valueName":"search_term_string"}}],"inLanguage":"en-US"},{"@type":"Organization","@id":"https:\/\/www.k-w4w.org\/en\/#organization","name":"KW4W","url":"https:\/\/www.k-w4w.org\/en\/","logo":{"@type":"ImageObject","inLanguage":"en-US","@id":"https:\/\/www.k-w4w.org\/en\/#\/schema\/logo\/image\/","url":"https:\/\/www.k-w4w.org\/wp-content\/uploads\/2023\/02\/cropped-wfwi_logo_color_gradient_cmyk.jpg","contentUrl":"https:\/\/www.k-w4w.org\/wp-content\/uploads\/2023\/02\/cropped-wfwi_logo_color_gradient_cmyk.jpg","width":1243,"height":199,"caption":"KW4W"},"image":{"@id":"https:\/\/www.k-w4w.org\/en\/#\/schema\/logo\/image\/"},"sameAs":["https:\/\/www.facebook.com\/KosovaWomen4Women","https:\/\/www.instagram.com\/womenforwomenkosova\/"]}]}},"_links":{"self":[{"href":"https:\/\/www.k-w4w.org\/en\/wp-json\/wp\/v2\/pages\/12584","targetHints":{"allow":["GET"]}}],"collection":[{"href":"https:\/\/www.k-w4w.org\/en\/wp-json\/wp\/v2\/pages"}],"about":[{"href":"https:\/\/www.k-w4w.org\/en\/wp-json\/wp\/v2\/types\/page"}],"author":[{"embeddable":true,"href":"https:\/\/www.k-w4w.org\/en\/wp-json\/wp\/v2\/users\/1"}],"replies":[{"embeddable":true,"href":"https:\/\/www.k-w4w.org\/en\/wp-json\/wp\/v2\/comments?post=12584"}],"version-history":[{"count":28,"href":"https:\/\/www.k-w4w.org\/en\/wp-json\/wp\/v2\/pages\/12584\/revisions"}],"predecessor-version":[{"id":12614,"href":"https:\/\/www.k-w4w.org\/en\/wp-json\/wp\/v2\/pages\/12584\/revisions\/12614"}],"wp:attachment":[{"href":"https:\/\/www.k-w4w.org\/en\/wp-json\/wp\/v2\/media?parent=12584"}],"curies":[{"name":"wp","href":"https:\/\/api.w.org\/{rel}","templated":true}]}}