{"id":12904,"date":"2022-08-29T11:14:08","date_gmt":"2022-08-29T11:14:08","guid":{"rendered":"https:\/\/www.k-w4w.org\/site_new\/?page_id=12904"},"modified":"2022-10-27T13:29:03","modified_gmt":"2022-10-27T13:29:03","slug":"lexime-per-gra-2","status":"publish","type":"page","link":"https:\/\/www.k-w4w.org\/en\/lexime-per-gra-2\/","title":{"rendered":"Readings for Women"},"content":{"rendered":"<div data-elementor-type=\"wp-page\" data-elementor-id=\"12904\" class=\"elementor elementor-12904\">\n\t\t\t\t\t\t<section class=\"elementor-section elementor-top-section elementor-element elementor-element-050f1f7 elementor-section-boxed elementor-section-height-default elementor-section-height-default\" data-id=\"050f1f7\" data-element_type=\"section\" data-settings=\"{&quot;background_background&quot;:&quot;classic&quot;}\">\n\t\t\t\t\t\t<div class=\"elementor-container elementor-column-gap-default\">\n\t\t\t\t\t<div class=\"elementor-column elementor-col-100 elementor-top-column elementor-element elementor-element-c5d9f91\" data-id=\"c5d9f91\" data-element_type=\"column\">\n\t\t\t<div class=\"elementor-widget-wrap elementor-element-populated\">\n\t\t\t\t\t\t<div class=\"elementor-element elementor-element-0e81259 elementor-widget elementor-widget-heading\" data-id=\"0e81259\" data-element_type=\"widget\" data-widget_type=\"heading.default\">\n\t\t\t\t<div class=\"elementor-widget-container\">\n\t\t\t\t\t<h2 class=\"elementor-heading-title elementor-size-default\">LEXIME PER GRA<\/h2>\t\t\t\t<\/div>\n\t\t\t\t<\/div>\n\t\t\t\t\t<\/div>\n\t\t<\/div>\n\t\t\t\t\t<\/div>\n\t\t<\/section>\n\t\t\t\t<section class=\"elementor-section elementor-top-section elementor-element elementor-element-4279adf elementor-section-boxed elementor-section-height-default elementor-section-height-default\" data-id=\"4279adf\" data-element_type=\"section\">\n\t\t\t\t\t\t<div class=\"elementor-container elementor-column-gap-default\">\n\t\t\t\t\t<div class=\"elementor-column elementor-col-100 elementor-top-column elementor-element elementor-element-837b633\" data-id=\"837b633\" data-element_type=\"column\">\n\t\t\t<div class=\"elementor-widget-wrap elementor-element-populated\">\n\t\t\t\t\t\t<div class=\"elementor-element elementor-element-feb41c0 elementor-widget elementor-widget-upk-alice-grid\" data-id=\"feb41c0\" data-element_type=\"widget\" data-settings=\"{&quot;upk_in_animation_show&quot;:&quot;yes&quot;}\" data-widget_type=\"upk-alice-grid.default\">\n\t\t\t\t<div class=\"elementor-widget-container\">\n\t\t\t\t\t\t\t<div class=\"upk-alice-grid upk-ajax-grid\" data-loadmore=\"[]\">\n\t\t\t<div class=\"upk-alice-wrap upk-ajax-grid-wrap upk-content-bottom-center upk-style-1 upk-in-animation\" data-in-animation-delay=\"\">\n\t\t\t\t\t\t\t\t\t\t\t<div class=\"upk-item\">\n\t\t\t<div class=\"upk-item-box\">\n\t\t\t\t<div class=\"upk-img-wrap\">\n\t\t\t\t\t<img decoding=\"async\" class=\"upk-img\" src=\"https:\/\/www.k-w4w.org\/wp-content\/plugins\/elementor\/assets\/images\/placeholder.png\" alt=\"VENDOSSHM\u00cbRIA P\u00cbR TU PUN\u00cbSUAR\">\t\t\t\t<\/div>\n\t\t\t\t\t\t<div class=\"upk-category\">\n\t\t\t<a href=\"https:\/\/www.k-w4w.org\/en\/category\/lexime-per-gra\/\" \n\t\t\t\t\t\t\taria-label=\"Category Lexime per gra\">Readings for Women<\/a>\t\t<\/div>\n\t\t\t\t\t<div class=\"upk-content\">\n\t\t\t\t\t<h3 class=\"upk-title\"><a href=\"https:\/\/www.k-w4w.org\/en\/vendosshmeria-per-tu-punesuar\/\" title=\"VENDOSSHM\u00cbRIA P\u00cbR TU PUN\u00cbSUAR\" class=\"title-animation-underline\" aria-label=\"VENDOSSHM\u00cbRIA P\u00cbR TU PUN\u00cbSUAR\">VENDOSSHM\u00cbRIA P\u00cbR TU PUN\u00cbSUAR<\/a><\/h3>\n\t\t\t\t\t\n\t\t\t\t<\/div>\n\t\t\t<\/div>\n\t\t<\/div>\n\t\t\t\t\t\t\t\t\t\t\t\t<div class=\"upk-item\">\n\t\t\t<div class=\"upk-item-box\">\n\t\t\t\t<div class=\"upk-img-wrap\">\n\t\t\t\t\t<img decoding=\"async\" class=\"upk-img\" src=\"https:\/\/www.k-w4w.org\/wp-content\/plugins\/elementor\/assets\/images\/placeholder.png\" alt=\"NJOHJA E VETES DHE AFT\u00cbSIVE PERSONALE\">\t\t\t\t<\/div>\n\t\t\t\t\t\t<div class=\"upk-category\">\n\t\t\t<a href=\"https:\/\/www.k-w4w.org\/en\/category\/lexime-per-gra\/\" \n\t\t\t\t\t\t\taria-label=\"Category Lexime per gra\">Readings for Women<\/a>\t\t<\/div>\n\t\t\t\t\t<div class=\"upk-content\">\n\t\t\t\t\t<h3 class=\"upk-title\"><a href=\"https:\/\/www.k-w4w.org\/en\/njohja-e-vetes-dhe-aftesive-personale\/\" title=\"NJOHJA E VETES DHE AFT\u00cbSIVE PERSONALE\" class=\"title-animation-underline\" aria-label=\"NJOHJA E VETES DHE AFT\u00cbSIVE PERSONALE\">NJOHJA E VETES DHE AFT\u00cbSIVE PERSONALE<\/a><\/h3>\n\t\t\t\t\t\n\t\t\t\t<\/div>\n\t\t\t<\/div>\n\t\t<\/div>\n\t\t\t\t\t\t\t\t\t\t\t\t<div class=\"upk-item\">\n\t\t\t<div class=\"upk-item-box\">\n\t\t\t\t<div class=\"upk-img-wrap\">\n\t\t\t\t\t<img decoding=\"async\" class=\"upk-img\" src=\"https:\/\/www.k-w4w.org\/wp-content\/plugins\/elementor\/assets\/images\/placeholder.png\" alt=\"GJETJA E BURIMEVE T\u00cb PUN\u00cbSIMIT\">\t\t\t\t<\/div>\n\t\t\t\t\t\t<div class=\"upk-category\">\n\t\t\t<a href=\"https:\/\/www.k-w4w.org\/en\/category\/lexime-per-gra\/\" \n\t\t\t\t\t\t\taria-label=\"Category Lexime per gra\">Readings for Women<\/a>\t\t<\/div>\n\t\t\t\t\t<div class=\"upk-content\">\n\t\t\t\t\t<h3 class=\"upk-title\"><a href=\"https:\/\/www.k-w4w.org\/en\/gjetja-e-burimeve-te-punesimit\/\" title=\"GJETJA E BURIMEVE T\u00cb PUN\u00cbSIMIT\" class=\"title-animation-underline\" aria-label=\"GJETJA E BURIMEVE T\u00cb PUN\u00cbSIMIT\">GJETJA E BURIMEVE T\u00cb PUN\u00cbSIMIT<\/a><\/h3>\n\t\t\t\t\t\n\t\t\t\t<\/div>\n\t\t\t<\/div>\n\t\t<\/div>\n\t\t\t\t\t\t\t\t\t\t\t\t<div class=\"upk-item\">\n\t\t\t<div class=\"upk-item-box\">\n\t\t\t\t<div class=\"upk-img-wrap\">\n\t\t\t\t\t<img decoding=\"async\" class=\"upk-img\" src=\"https:\/\/www.k-w4w.org\/wp-content\/plugins\/elementor\/assets\/images\/placeholder.png\" alt=\"ANGAZHIMI N\u00cb GJETJE T\u00cb PUN\u00cbS\">\t\t\t\t<\/div>\n\t\t\t\t\t\t<div class=\"upk-category\">\n\t\t\t<a href=\"https:\/\/www.k-w4w.org\/en\/category\/lexime-per-gra\/\" \n\t\t\t\t\t\t\taria-label=\"Category Lexime per gra\">Readings for Women<\/a>\t\t<\/div>\n\t\t\t\t\t<div class=\"upk-content\">\n\t\t\t\t\t<h3 class=\"upk-title\"><a href=\"https:\/\/www.k-w4w.org\/en\/angazhimi-ne-gjetje-te-punes\/\" title=\"ANGAZHIMI N\u00cb GJETJE T\u00cb PUN\u00cbS\" class=\"title-animation-underline\" aria-label=\"ANGAZHIMI N\u00cb GJETJE T\u00cb PUN\u00cbS\">ANGAZHIMI N\u00cb GJETJE T\u00cb PUN\u00cbS<\/a><\/h3>\n\t\t\t\t\t\n\t\t\t\t<\/div>\n\t\t\t<\/div>\n\t\t<\/div>\n\t\t\t\t\t\t\t\t\t\t\t\t<div class=\"upk-item\">\n\t\t\t<div class=\"upk-item-box\">\n\t\t\t\t<div class=\"upk-img-wrap\">\n\t\t\t\t\t<img decoding=\"async\" class=\"upk-img\" src=\"https:\/\/www.k-w4w.org\/wp-content\/plugins\/elementor\/assets\/images\/placeholder.png\" alt=\"ANALIZIMI I SHPALLJEVE, HULUMTIMI I KOMPANIVE DHE GJETJA E PUN\u00cbS S\u00cb P\u00cbRSHTATSHME\">\t\t\t\t<\/div>\n\t\t\t\t\t\t<div class=\"upk-category\">\n\t\t\t<a href=\"https:\/\/www.k-w4w.org\/en\/category\/lexime-per-gra\/\" \n\t\t\t\t\t\t\taria-label=\"Category Lexime per gra\">Readings for Women<\/a>\t\t<\/div>\n\t\t\t\t\t<div class=\"upk-content\">\n\t\t\t\t\t<h3 class=\"upk-title\"><a href=\"https:\/\/www.k-w4w.org\/en\/analizimi-i-shpalljeve-hulumtimi-i-kompanive-dhe-gjetja-e-punes-se-pershtatshme\/\" title=\"ANALIZIMI I SHPALLJEVE, HULUMTIMI I KOMPANIVE DHE GJETJA E PUN\u00cbS S\u00cb P\u00cbRSHTATSHME\" class=\"title-animation-underline\" aria-label=\"ANALIZIMI I SHPALLJEVE, HULUMTIMI I KOMPANIVE DHE GJETJA E PUN\u00cbS S\u00cb P\u00cbRSHTATSHME\">ANALIZIMI I SHPALLJEVE, HULUMTIMI I KOMPANIVE DHE GJETJA E PUN\u00cbS S\u00cb P\u00cbRSHTATSHME<\/a><\/h3>\n\t\t\t\t\t\n\t\t\t\t<\/div>\n\t\t\t<\/div>\n\t\t<\/div>\n\t\t\t\t\t\t\t\t\t\t\t\t<div class=\"upk-item\">\n\t\t\t<div class=\"upk-item-box\">\n\t\t\t\t<div class=\"upk-img-wrap\">\n\t\t\t\t\t<img decoding=\"async\" class=\"upk-img\" src=\"https:\/\/www.k-w4w.org\/wp-content\/plugins\/elementor\/assets\/images\/placeholder.png\" alt=\"HULUMTIMI DHE NJOHJA E POZIT\u00cbS P\u00cbR T\u00cb CIL\u00cbN APLIKOHET\">\t\t\t\t<\/div>\n\t\t\t\t\t\t<div class=\"upk-category\">\n\t\t\t<a href=\"https:\/\/www.k-w4w.org\/en\/category\/lexime-per-gra\/\" \n\t\t\t\t\t\t\taria-label=\"Category Lexime per gra\">Readings for Women<\/a>\t\t<\/div>\n\t\t\t\t\t<div class=\"upk-content\">\n\t\t\t\t\t<h3 class=\"upk-title\"><a href=\"https:\/\/www.k-w4w.org\/en\/hulumtimi-dhe-njohja-e-pozites-per-te-cilen-aplikohet\/\" title=\"HULUMTIMI DHE NJOHJA E POZIT\u00cbS P\u00cbR T\u00cb CIL\u00cbN APLIKOHET\" class=\"title-animation-underline\" aria-label=\"HULUMTIMI DHE NJOHJA E POZIT\u00cbS P\u00cbR T\u00cb CIL\u00cbN APLIKOHET\">HULUMTIMI DHE NJOHJA E POZIT\u00cbS P\u00cbR T\u00cb CIL\u00cbN APLIKOHET<\/a><\/h3>\n\t\t\t\t\t\n\t\t\t\t<\/div>\n\t\t\t<\/div>\n\t\t<\/div>\n\t\t\t\t\t\t\t\t\t\t\t\t<div class=\"upk-item\">\n\t\t\t<div class=\"upk-item-box\">\n\t\t\t\t<div class=\"upk-img-wrap\">\n\t\t\t\t\t<img decoding=\"async\" class=\"upk-img\" src=\"https:\/\/www.k-w4w.org\/wp-content\/plugins\/elementor\/assets\/images\/placeholder.png\" alt=\"P\u00cbRPILIMI I C.V.-S\u00cb\">\t\t\t\t<\/div>\n\t\t\t\t\t\t<div class=\"upk-category\">\n\t\t\t<a href=\"https:\/\/www.k-w4w.org\/en\/category\/lexime-per-gra\/\" \n\t\t\t\t\t\t\taria-label=\"Category Lexime per gra\">Readings for Women<\/a>\t\t<\/div>\n\t\t\t\t\t<div class=\"upk-content\">\n\t\t\t\t\t<h3 class=\"upk-title\"><a href=\"https:\/\/www.k-w4w.org\/en\/perpilimi-i-c-v-se\/\" title=\"P\u00cbRPILIMI I C.V.-S\u00cb\" class=\"title-animation-underline\" aria-label=\"P\u00cbRPILIMI I C.V.-S\u00cb\">P\u00cbRPILIMI I C.V.-S\u00cb<\/a><\/h3>\n\t\t\t\t\t\n\t\t\t\t<\/div>\n\t\t\t<\/div>\n\t\t<\/div>\n\t\t\t\t\t\t\t\t\t\t\t\t<div class=\"upk-item\">\n\t\t\t<div class=\"upk-item-box\">\n\t\t\t\t<div class=\"upk-img-wrap\">\n\t\t\t\t\t<img decoding=\"async\" class=\"upk-img\" src=\"https:\/\/www.k-w4w.org\/wp-content\/plugins\/elementor\/assets\/images\/placeholder.png\" alt=\"P\u00cbRPILIMI I LETR\u00cbS MOTIVUESE\">\t\t\t\t<\/div>\n\t\t\t\t\t\t<div class=\"upk-category\">\n\t\t\t<a href=\"https:\/\/www.k-w4w.org\/en\/category\/lexime-per-gra\/\" \n\t\t\t\t\t\t\taria-label=\"Category Lexime per gra\">Readings for Women<\/a>\t\t<\/div>\n\t\t\t\t\t<div class=\"upk-content\">\n\t\t\t\t\t<h3 class=\"upk-title\"><a href=\"https:\/\/www.k-w4w.org\/en\/perpilimi-i-letres-motivuese\/\" title=\"P\u00cbRPILIMI I LETR\u00cbS MOTIVUESE\" class=\"title-animation-underline\" aria-label=\"P\u00cbRPILIMI I LETR\u00cbS MOTIVUESE\">P\u00cbRPILIMI I LETR\u00cbS MOTIVUESE<\/a><\/h3>\n\t\t\t\t\t\n\t\t\t\t<\/div>\n\t\t\t<\/div>\n\t\t<\/div>\n\t\t\t\t\t\t\t\t\t\t\t\t<div class=\"upk-item\">\n\t\t\t<div class=\"upk-item-box\">\n\t\t\t\t<div class=\"upk-img-wrap\">\n\t\t\t\t\t<img decoding=\"async\" class=\"upk-img\" src=\"https:\/\/www.k-w4w.org\/wp-content\/plugins\/elementor\/assets\/images\/placeholder.png\" alt=\"DREJTSHKRIMI\">\t\t\t\t<\/div>\n\t\t\t\t\t\t<div class=\"upk-category\">\n\t\t\t<a href=\"https:\/\/www.k-w4w.org\/en\/category\/lexime-per-gra\/\" \n\t\t\t\t\t\t\taria-label=\"Category Lexime per gra\">Readings for Women<\/a>\t\t<\/div>\n\t\t\t\t\t<div class=\"upk-content\">\n\t\t\t\t\t<h3 class=\"upk-title\"><a href=\"https:\/\/www.k-w4w.org\/en\/drejtshkrimi\/\" title=\"DREJTSHKRIMI\" class=\"title-animation-underline\" aria-label=\"DREJTSHKRIMI\">DREJTSHKRIMI<\/a><\/h3>\n\t\t\t\t\t\n\t\t\t\t<\/div>\n\t\t\t<\/div>\n\t\t<\/div>\n\t\t\t\t\t\t\t\t<\/div>\n\t\t<\/div>\n\n\t\t\n\t\t\t\t\t<div class=\"ep-pagination\">\n\t\t\t\t<ul class=\"upk-pagination\" data-widget-id=\"feb41c0\">\n<li class=\"upk-active\"><a href=\"https:\/\/www.k-w4w.org\/en\/wp-json\/wp\/v2\/pages\/12904\/\">1<\/a><\/li>\n<li><a href=\"https:\/\/www.k-w4w.org\/en\/wp-json\/wp\/v2\/pages\/12904\/page\/2\/\">2<\/a><\/li>\n<li><a href=\"https:\/\/www.k-w4w.org\/en\/wp-json\/wp\/v2\/pages\/12904\/page\/3\/\">3<\/a><\/li>\n<li class=\"upk-pagination-next\"><a href=\"https:\/\/www.k-w4w.org\/en\/wp-json\/wp\/v2\/pages\/12904\/page\/2\/\" aria-label=\"Next Page\"><span data-upk-pagination-next><i class=\"upk-icon-arrow-right-5\" aria-hidden=\"true\"><\/i><\/span><\/a><\/li>\n<\/ul>\n\t\t\t<\/div>\n\t\t\t\t<\/div>\n\t\t\t\t<\/div>\n\t\t\t\t\t<\/div>\n\t\t<\/div>\n\t\t\t\t\t<\/div>\n\t\t<\/section>\n\t\t\t\t<\/div>","protected":false},"excerpt":{"rendered":"<p>LEXIME PER GRA Lexime per gra VENDOSSHM\u00cbRIA P\u00cbR TU PUN\u00cbSUAR Lexime per gra NJOHJA E VETES DHE AFT\u00cbSIVE PERSONALE Lexime per gra GJETJA E BURIMEVE T\u00cb PUN\u00cbSIMIT Lexime per gra ANGAZHIMI N\u00cb GJETJE T\u00cb PUN\u00cbS Lexime per gra ANALIZIMI I SHPALLJEVE, HULUMTIMI I KOMPANIVE DHE GJETJA E PUN\u00cbS S\u00cb P\u00cbRSHTATSHME Lexime per gra HULUMTIMI DHE [&hellip;]<\/p>\n","protected":false},"author":1,"featured_media":0,"parent":0,"menu_order":0,"comment_status":"closed","ping_status":"closed","template":"elementor_header_footer","meta":{"footnotes":""},"class_list":["post-12904","page","type-page","status-publish","hentry"],"yoast_head":"<!-- This site is optimized with the Yoast SEO plugin v27.0 - https:\/\/yoast.com\/product\/yoast-seo-wordpress\/ -->\n<title>Lexime per gra - KW4W<\/title>\n<meta name=\"robots\" content=\"index, follow, max-snippet:-1, max-image-preview:large, max-video-preview:-1\" \/>\n<link rel=\"canonical\" href=\"https:\/\/www.k-w4w.org\/en\/lexime-per-gra-2\/\" \/>\n<meta property=\"og:locale\" content=\"en_US\" \/>\n<meta property=\"og:type\" content=\"article\" \/>\n<meta property=\"og:title\" content=\"Lexime per gra - KW4W\" \/>\n<meta property=\"og:description\" content=\"LEXIME PER GRA Lexime per gra VENDOSSHM\u00cbRIA P\u00cbR TU PUN\u00cbSUAR Lexime per gra NJOHJA E VETES DHE AFT\u00cbSIVE PERSONALE Lexime per gra GJETJA E BURIMEVE T\u00cb PUN\u00cbSIMIT Lexime per gra ANGAZHIMI N\u00cb GJETJE T\u00cb PUN\u00cbS Lexime per gra ANALIZIMI I SHPALLJEVE, HULUMTIMI I KOMPANIVE DHE GJETJA E PUN\u00cbS S\u00cb P\u00cbRSHTATSHME Lexime per gra HULUMTIMI DHE [&hellip;]\" \/>\n<meta property=\"og:url\" content=\"https:\/\/www.k-w4w.org\/en\/lexime-per-gra-2\/\" \/>\n<meta property=\"og:site_name\" content=\"KW4W\" \/>\n<meta property=\"article:publisher\" content=\"https:\/\/www.facebook.com\/KosovaWomen4Women\" \/>\n<meta property=\"article:modified_time\" content=\"2022-10-27T13:29:03+00:00\" \/>\n<meta property=\"og:image\" content=\"https:\/\/www.k-w4w.org\/wp-content\/plugins\/elementor\/assets\/images\/placeholder.png\" \/>\n<meta name=\"twitter:card\" content=\"summary_large_image\" \/>\n<meta name=\"twitter:label1\" content=\"Est. reading time\" \/>\n\t<meta name=\"twitter:data1\" content=\"3 minutes\" \/>\n<script type=\"application\/ld+json\" class=\"yoast-schema-graph\">{\"@context\":\"https:\/\/schema.org\",\"@graph\":[{\"@type\":\"WebPage\",\"@id\":\"https:\/\/www.k-w4w.org\/en\/lexime-per-gra-2\/\",\"url\":\"https:\/\/www.k-w4w.org\/en\/lexime-per-gra-2\/\",\"name\":\"Lexime per gra - KW4W\",\"isPartOf\":{\"@id\":\"https:\/\/www.k-w4w.org\/en\/#website\"},\"primaryImageOfPage\":{\"@id\":\"https:\/\/www.k-w4w.org\/en\/lexime-per-gra-2\/#primaryimage\"},\"image\":{\"@id\":\"https:\/\/www.k-w4w.org\/en\/lexime-per-gra-2\/#primaryimage\"},\"thumbnailUrl\":\"https:\/\/www.k-w4w.org\/wp-content\/plugins\/elementor\/assets\/images\/placeholder.png\",\"datePublished\":\"2022-08-29T11:14:08+00:00\",\"dateModified\":\"2022-10-27T13:29:03+00:00\",\"breadcrumb\":{\"@id\":\"https:\/\/www.k-w4w.org\/en\/lexime-per-gra-2\/#breadcrumb\"},\"inLanguage\":\"en-US\",\"potentialAction\":[{\"@type\":\"ReadAction\",\"target\":[\"https:\/\/www.k-w4w.org\/en\/lexime-per-gra-2\/\"]}]},{\"@type\":\"ImageObject\",\"inLanguage\":\"en-US\",\"@id\":\"https:\/\/www.k-w4w.org\/en\/lexime-per-gra-2\/#primaryimage\",\"url\":\"https:\/\/www.k-w4w.org\/wp-content\/plugins\/elementor\/assets\/images\/placeholder.png\",\"contentUrl\":\"https:\/\/www.k-w4w.org\/wp-content\/plugins\/elementor\/assets\/images\/placeholder.png\"},{\"@type\":\"BreadcrumbList\",\"@id\":\"https:\/\/www.k-w4w.org\/en\/lexime-per-gra-2\/#breadcrumb\",\"itemListElement\":[{\"@type\":\"ListItem\",\"position\":1,\"name\":\"Home\",\"item\":\"https:\/\/www.k-w4w.org\/\"},{\"@type\":\"ListItem\",\"position\":2,\"name\":\"Lexime per gra\"}]},{\"@type\":\"WebSite\",\"@id\":\"https:\/\/www.k-w4w.org\/en\/#website\",\"url\":\"https:\/\/www.k-w4w.org\/en\/\",\"name\":\"KW4W\",\"description\":\"\",\"publisher\":{\"@id\":\"https:\/\/www.k-w4w.org\/en\/#organization\"},\"potentialAction\":[{\"@type\":\"SearchAction\",\"target\":{\"@type\":\"EntryPoint\",\"urlTemplate\":\"https:\/\/www.k-w4w.org\/en\/?s={search_term_string}\"},\"query-input\":{\"@type\":\"PropertyValueSpecification\",\"valueRequired\":true,\"valueName\":\"search_term_string\"}}],\"inLanguage\":\"en-US\"},{\"@type\":\"Organization\",\"@id\":\"https:\/\/www.k-w4w.org\/en\/#organization\",\"name\":\"KW4W\",\"url\":\"https:\/\/www.k-w4w.org\/en\/\",\"logo\":{\"@type\":\"ImageObject\",\"inLanguage\":\"en-US\",\"@id\":\"https:\/\/www.k-w4w.org\/en\/#\/schema\/logo\/image\/\",\"url\":\"https:\/\/www.k-w4w.org\/wp-content\/uploads\/2023\/02\/cropped-wfwi_logo_color_gradient_cmyk.jpg\",\"contentUrl\":\"https:\/\/www.k-w4w.org\/wp-content\/uploads\/2023\/02\/cropped-wfwi_logo_color_gradient_cmyk.jpg\",\"width\":1243,\"height\":199,\"caption\":\"KW4W\"},\"image\":{\"@id\":\"https:\/\/www.k-w4w.org\/en\/#\/schema\/logo\/image\/\"},\"sameAs\":[\"https:\/\/www.facebook.com\/KosovaWomen4Women\",\"https:\/\/www.instagram.com\/womenforwomenkosova\/\"]}]}<\/script>\n<!-- \/ Yoast SEO plugin. -->","yoast_head_json":{"title":"Lexime per gra - KW4W","robots":{"index":"index","follow":"follow","max-snippet":"max-snippet:-1","max-image-preview":"max-image-preview:large","max-video-preview":"max-video-preview:-1"},"canonical":"https:\/\/www.k-w4w.org\/en\/lexime-per-gra-2\/","og_locale":"en_US","og_type":"article","og_title":"Lexime per gra - KW4W","og_description":"LEXIME PER GRA Lexime per gra VENDOSSHM\u00cbRIA P\u00cbR TU PUN\u00cbSUAR Lexime per gra NJOHJA E VETES DHE AFT\u00cbSIVE PERSONALE Lexime per gra GJETJA E BURIMEVE T\u00cb PUN\u00cbSIMIT Lexime per gra ANGAZHIMI N\u00cb GJETJE T\u00cb PUN\u00cbS Lexime per gra ANALIZIMI I SHPALLJEVE, HULUMTIMI I KOMPANIVE DHE GJETJA E PUN\u00cbS S\u00cb P\u00cbRSHTATSHME Lexime per gra HULUMTIMI DHE [&hellip;]","og_url":"https:\/\/www.k-w4w.org\/en\/lexime-per-gra-2\/","og_site_name":"KW4W","article_publisher":"https:\/\/www.facebook.com\/KosovaWomen4Women","article_modified_time":"2022-10-27T13:29:03+00:00","og_image":[{"url":"https:\/\/www.k-w4w.org\/wp-content\/plugins\/elementor\/assets\/images\/placeholder.png","type":"","width":"","height":""}],"twitter_card":"summary_large_image","twitter_misc":{"Est. reading time":"3 minutes"},"schema":{"@context":"https:\/\/schema.org","@graph":[{"@type":"WebPage","@id":"https:\/\/www.k-w4w.org\/en\/lexime-per-gra-2\/","url":"https:\/\/www.k-w4w.org\/en\/lexime-per-gra-2\/","name":"Lexime per gra - KW4W","isPartOf":{"@id":"https:\/\/www.k-w4w.org\/en\/#website"},"primaryImageOfPage":{"@id":"https:\/\/www.k-w4w.org\/en\/lexime-per-gra-2\/#primaryimage"},"image":{"@id":"https:\/\/www.k-w4w.org\/en\/lexime-per-gra-2\/#primaryimage"},"thumbnailUrl":"https:\/\/www.k-w4w.org\/wp-content\/plugins\/elementor\/assets\/images\/placeholder.png","datePublished":"2022-08-29T11:14:08+00:00","dateModified":"2022-10-27T13:29:03+00:00","breadcrumb":{"@id":"https:\/\/www.k-w4w.org\/en\/lexime-per-gra-2\/#breadcrumb"},"inLanguage":"en-US","potentialAction":[{"@type":"ReadAction","target":["https:\/\/www.k-w4w.org\/en\/lexime-per-gra-2\/"]}]},{"@type":"ImageObject","inLanguage":"en-US","@id":"https:\/\/www.k-w4w.org\/en\/lexime-per-gra-2\/#primaryimage","url":"https:\/\/www.k-w4w.org\/wp-content\/plugins\/elementor\/assets\/images\/placeholder.png","contentUrl":"https:\/\/www.k-w4w.org\/wp-content\/plugins\/elementor\/assets\/images\/placeholder.png"},{"@type":"BreadcrumbList","@id":"https:\/\/www.k-w4w.org\/en\/lexime-per-gra-2\/#breadcrumb","itemListElement":[{"@type":"ListItem","position":1,"name":"Home","item":"https:\/\/www.k-w4w.org\/"},{"@type":"ListItem","position":2,"name":"Lexime per gra"}]},{"@type":"WebSite","@id":"https:\/\/www.k-w4w.org\/en\/#website","url":"https:\/\/www.k-w4w.org\/en\/","name":"KW4W","description":"","publisher":{"@id":"https:\/\/www.k-w4w.org\/en\/#organization"},"potentialAction":[{"@type":"SearchAction","target":{"@type":"EntryPoint","urlTemplate":"https:\/\/www.k-w4w.org\/en\/?s={search_term_string}"},"query-input":{"@type":"PropertyValueSpecification","valueRequired":true,"valueName":"search_term_string"}}],"inLanguage":"en-US"},{"@type":"Organization","@id":"https:\/\/www.k-w4w.org\/en\/#organization","name":"KW4W","url":"https:\/\/www.k-w4w.org\/en\/","logo":{"@type":"ImageObject","inLanguage":"en-US","@id":"https:\/\/www.k-w4w.org\/en\/#\/schema\/logo\/image\/","url":"https:\/\/www.k-w4w.org\/wp-content\/uploads\/2023\/02\/cropped-wfwi_logo_color_gradient_cmyk.jpg","contentUrl":"https:\/\/www.k-w4w.org\/wp-content\/uploads\/2023\/02\/cropped-wfwi_logo_color_gradient_cmyk.jpg","width":1243,"height":199,"caption":"KW4W"},"image":{"@id":"https:\/\/www.k-w4w.org\/en\/#\/schema\/logo\/image\/"},"sameAs":["https:\/\/www.facebook.com\/KosovaWomen4Women","https:\/\/www.instagram.com\/womenforwomenkosova\/"]}]}},"_links":{"self":[{"href":"https:\/\/www.k-w4w.org\/en\/wp-json\/wp\/v2\/pages\/12904","targetHints":{"allow":["GET"]}}],"collection":[{"href":"https:\/\/www.k-w4w.org\/en\/wp-json\/wp\/v2\/pages"}],"about":[{"href":"https:\/\/www.k-w4w.org\/en\/wp-json\/wp\/v2\/types\/page"}],"author":[{"embeddable":true,"href":"https:\/\/www.k-w4w.org\/en\/wp-json\/wp\/v2\/users\/1"}],"replies":[{"embeddable":true,"href":"https:\/\/www.k-w4w.org\/en\/wp-json\/wp\/v2\/comments?post=12904"}],"version-history":[{"count":16,"href":"https:\/\/www.k-w4w.org\/en\/wp-json\/wp\/v2\/pages\/12904\/revisions"}],"predecessor-version":[{"id":15594,"href":"https:\/\/www.k-w4w.org\/en\/wp-json\/wp\/v2\/pages\/12904\/revisions\/15594"}],"wp:attachment":[{"href":"https:\/\/www.k-w4w.org\/en\/wp-json\/wp\/v2\/media?parent=12904"}],"curies":[{"name":"wp","href":"https:\/\/api.w.org\/{rel}","templated":true}]}}